{"id":35,"date":"2025-02-05T11:02:29","date_gmt":"2025-02-05T11:02:29","guid":{"rendered":"https:\/\/aumcannapolis.org\/over-het-bedrijf\/"},"modified":"2025-02-05T13:41:28","modified_gmt":"2025-02-05T13:41:28","slug":"over-het-bedrijf","status":"publish","type":"page","link":"https:\/\/aumcannapolis.org\/ro\/over-het-bedrijf\/","title":{"rendered":"Despre companie"},"content":{"rendered":"<p>\u00cemp\u0103rt\u0103\u0219im cele mai recente tendin\u021be, sfaturi practice despre garderob\u0103 \u0219i te ajut\u0103m s\u0103-\u021bi descoperi stilul personal. Indiferent dac\u0103 e\u0219ti \u00een c\u0103utarea inspira\u021biei pentru moda sezonier\u0103 sau a unor sfaturi despre cum s\u0103-\u021bi por\u021bi hainele \u00een moduri noi, suntem aici pentru a te ghida.<\/p>\n<p>La AUMCAnnapolis, credem c\u0103 moda este o modalitate de a te exprima \u0219i vrem s\u0103 te ajut\u0103m s\u0103 g\u0103se\u0219ti \u021binuta perfect\u0103 care s\u0103-\u021bi sporeasc\u0103 \u00eencrederea \u00een sine \u0219i s\u0103 \u021bi se potriveasc\u0103.<\/p>\n<p><img loading=\"lazy\" decoding=\"async\" class=\"aligncenter wp-image-34 size-full\" src=\"https:\/\/aumcannapolis.org\/wp-content\/uploads\/2025\/02\/roskoshnyj-interer-garderobnoj-s-derevyannymi-i-zolotymi-elementami-3d-rendering.jpg\" alt=\"\" width=\"612\" height=\"397\" srcset=\"https:\/\/aumcannapolis.org\/wp-content\/uploads\/2025\/02\/roskoshnyj-interer-garderobnoj-s-derevyannymi-i-zolotymi-elementami-3d-rendering.jpg 612w, https:\/\/aumcannapolis.org\/wp-content\/uploads\/2025\/02\/roskoshnyj-interer-garderobnoj-s-derevyannymi-i-zolotymi-elementami-3d-rendering-300x195.jpg 300w\" sizes=\"auto, (max-width: 612px) 100vw, 612px\" \/><\/p>\n<h2>La ce v\u0103 pute\u021bi a\u0219tepta:<\/h2>\n<ul>\n<li>Cele mai recente informa\u021bii \u0219i tendin\u021be din lumea modei.<\/li>\n<li>Sfaturi practice de stil pentru fiecare ocazie.<\/li>\n<li>Ghiduri pentru a-\u021bi re\u00eemprosp\u0103ta \u0219i re\u00eennoi garderoba.<\/li>\n<li>Sfaturi pentru combinarea hainelor \u0219i accesoriilor.<\/li>\n<li>Perspective despre sustenabilitate \u0219i inova\u021bii \u00een mod\u0103.<\/li>\n<\/ul>","protected":false},"excerpt":{"rendered":"<p>We delen de nieuwste trends, praktische advies voor je garderobe en helpen je jouw persoonlijke stijl te ontdekken. Of je nu op zoek bent naar seizoensgebonden&#46;&#46;&#46;<\/p>","protected":false},"author":1,"featured_media":0,"parent":0,"menu_order":0,"comment_status":"closed","ping_status":"closed","template":"","meta":{"_acf_changed":false,"footnotes":""},"class_list":["post-35","page","type-page","status-publish","hentry"],"acf":[],"yoast_head":"<!-- This site is optimized with the Yoast SEO plugin v23.2 - https:\/\/yoast.com\/wordpress\/plugins\/seo\/ -->\n<title>Over het bedrijf - Jouw Bron voor Mode-inspiratie en Stijltips<\/title>\n<meta name=\"description\" content=\"Ontdek de laatste mode-inspiratie, trends en stijladvies. Wij delen praktische tips voor jouw unieke stijl.\" \/>\n<meta name=\"robots\" content=\"index, follow, max-snippet:-1, max-image-preview:large, max-video-preview:-1\" \/>\n<link rel=\"canonical\" href=\"https:\/\/aumcannapolis.org\/ro\/over-het-bedrijf\/\" \/>\n<meta property=\"og:locale\" content=\"ro_RO\" \/>\n<meta property=\"og:type\" content=\"article\" \/>\n<meta property=\"og:title\" content=\"Over het bedrijf - Jouw Bron voor Mode-inspiratie en Stijltips\" \/>\n<meta property=\"og:description\" content=\"Ontdek de laatste mode-inspiratie, trends en stijladvies. Wij delen praktische tips voor jouw unieke stijl.\" \/>\n<meta property=\"og:url\" content=\"https:\/\/aumcannapolis.org\/ro\/over-het-bedrijf\/\" \/>\n<meta property=\"og:site_name\" content=\"aumcannapolis.org\" \/>\n<meta property=\"article:modified_time\" content=\"2025-02-05T13:41:28+00:00\" \/>\n<meta property=\"og:image\" content=\"https:\/\/aumcannapolis.org\/wp-content\/uploads\/2025\/02\/roskoshnyj-interer-garderobnoj-s-derevyannymi-i-zolotymi-elementami-3d-rendering.jpg\" \/>\n<meta name=\"twitter:card\" content=\"summary_large_image\" \/>\n<meta name=\"twitter:label1\" content=\"Timp estimat pentru citire\" \/>\n\t<meta name=\"twitter:data1\" content=\"1 minut\" \/>\n<script type=\"application\/ld+json\" class=\"yoast-schema-graph\">{\"@context\":\"https:\/\/schema.org\",\"@graph\":[{\"@type\":\"WebPage\",\"@id\":\"https:\/\/aumcannapolis.org\/over-het-bedrijf\/\",\"url\":\"https:\/\/aumcannapolis.org\/over-het-bedrijf\/\",\"name\":\"Over het bedrijf - Jouw Bron voor Mode-inspiratie en Stijltips\",\"isPartOf\":{\"@id\":\"https:\/\/aumcannapolis.org\/#website\"},\"primaryImageOfPage\":{\"@id\":\"https:\/\/aumcannapolis.org\/over-het-bedrijf\/#primaryimage\"},\"image\":{\"@id\":\"https:\/\/aumcannapolis.org\/over-het-bedrijf\/#primaryimage\"},\"thumbnailUrl\":\"https:\/\/aumcannapolis.org\/wp-content\/uploads\/2025\/02\/roskoshnyj-interer-garderobnoj-s-derevyannymi-i-zolotymi-elementami-3d-rendering.jpg\",\"datePublished\":\"2025-02-05T11:02:29+00:00\",\"dateModified\":\"2025-02-05T13:41:28+00:00\",\"description\":\"Ontdek de laatste mode-inspiratie, trends en stijladvies. Wij delen praktische tips voor jouw unieke stijl.\",\"breadcrumb\":{\"@id\":\"https:\/\/aumcannapolis.org\/over-het-bedrijf\/#breadcrumb\"},\"inLanguage\":\"ro-RO\",\"potentialAction\":[{\"@type\":\"ReadAction\",\"target\":[\"https:\/\/aumcannapolis.org\/over-het-bedrijf\/\"]}]},{\"@type\":\"ImageObject\",\"inLanguage\":\"ro-RO\",\"@id\":\"https:\/\/aumcannapolis.org\/over-het-bedrijf\/#primaryimage\",\"url\":\"https:\/\/aumcannapolis.org\/wp-content\/uploads\/2025\/02\/roskoshnyj-interer-garderobnoj-s-derevyannymi-i-zolotymi-elementami-3d-rendering.jpg\",\"contentUrl\":\"https:\/\/aumcannapolis.org\/wp-content\/uploads\/2025\/02\/roskoshnyj-interer-garderobnoj-s-derevyannymi-i-zolotymi-elementami-3d-rendering.jpg\"},{\"@type\":\"BreadcrumbList\",\"@id\":\"https:\/\/aumcannapolis.org\/over-het-bedrijf\/#breadcrumb\",\"itemListElement\":[{\"@type\":\"ListItem\",\"position\":1,\"name\":\"Home\",\"item\":\"https:\/\/aumcannapolis.org\/\"},{\"@type\":\"ListItem\",\"position\":2,\"name\":\"Over het bedrijf\"}]},{\"@type\":\"WebSite\",\"@id\":\"https:\/\/aumcannapolis.org\/#website\",\"url\":\"https:\/\/aumcannapolis.org\/\",\"name\":\"aumcannapolis.org\",\"description\":\"Verken de nieuwste mode en stijlinspiratie voor een frisse garderobe\",\"potentialAction\":[{\"@type\":\"SearchAction\",\"target\":{\"@type\":\"EntryPoint\",\"urlTemplate\":\"https:\/\/aumcannapolis.org\/?s={search_term_string}\"},\"query-input\":\"required name=search_term_string\"}],\"inLanguage\":\"ro-RO\"}]}<\/script>\n<!-- \/ Yoast SEO plugin. -->","yoast_head_json":{"title":"Over het bedrijf - Jouw Bron voor Mode-inspiratie en Stijltips","description":"Ontdek de laatste mode-inspiratie, trends en stijladvies. Wij delen praktische tips voor jouw unieke stijl.","robots":{"index":"index","follow":"follow","max-snippet":"max-snippet:-1","max-image-preview":"max-image-preview:large","max-video-preview":"max-video-preview:-1"},"canonical":"https:\/\/aumcannapolis.org\/ro\/over-het-bedrijf\/","og_locale":"ro_RO","og_type":"article","og_title":"Over het bedrijf - Jouw Bron voor Mode-inspiratie en Stijltips","og_description":"Ontdek de laatste mode-inspiratie, trends en stijladvies. Wij delen praktische tips voor jouw unieke stijl.","og_url":"https:\/\/aumcannapolis.org\/ro\/over-het-bedrijf\/","og_site_name":"aumcannapolis.org","article_modified_time":"2025-02-05T13:41:28+00:00","og_image":[{"url":"https:\/\/aumcannapolis.org\/wp-content\/uploads\/2025\/02\/roskoshnyj-interer-garderobnoj-s-derevyannymi-i-zolotymi-elementami-3d-rendering.jpg"}],"twitter_card":"summary_large_image","twitter_misc":{"Timp estimat pentru citire":"1 minut"},"schema":{"@context":"https:\/\/schema.org","@graph":[{"@type":"WebPage","@id":"https:\/\/aumcannapolis.org\/over-het-bedrijf\/","url":"https:\/\/aumcannapolis.org\/over-het-bedrijf\/","name":"Over het bedrijf - Jouw Bron voor Mode-inspiratie en Stijltips","isPartOf":{"@id":"https:\/\/aumcannapolis.org\/#website"},"primaryImageOfPage":{"@id":"https:\/\/aumcannapolis.org\/over-het-bedrijf\/#primaryimage"},"image":{"@id":"https:\/\/aumcannapolis.org\/over-het-bedrijf\/#primaryimage"},"thumbnailUrl":"https:\/\/aumcannapolis.org\/wp-content\/uploads\/2025\/02\/roskoshnyj-interer-garderobnoj-s-derevyannymi-i-zolotymi-elementami-3d-rendering.jpg","datePublished":"2025-02-05T11:02:29+00:00","dateModified":"2025-02-05T13:41:28+00:00","description":"Ontdek de laatste mode-inspiratie, trends en stijladvies. Wij delen praktische tips voor jouw unieke stijl.","breadcrumb":{"@id":"https:\/\/aumcannapolis.org\/over-het-bedrijf\/#breadcrumb"},"inLanguage":"ro-RO","potentialAction":[{"@type":"ReadAction","target":["https:\/\/aumcannapolis.org\/over-het-bedrijf\/"]}]},{"@type":"ImageObject","inLanguage":"ro-RO","@id":"https:\/\/aumcannapolis.org\/over-het-bedrijf\/#primaryimage","url":"https:\/\/aumcannapolis.org\/wp-content\/uploads\/2025\/02\/roskoshnyj-interer-garderobnoj-s-derevyannymi-i-zolotymi-elementami-3d-rendering.jpg","contentUrl":"https:\/\/aumcannapolis.org\/wp-content\/uploads\/2025\/02\/roskoshnyj-interer-garderobnoj-s-derevyannymi-i-zolotymi-elementami-3d-rendering.jpg"},{"@type":"BreadcrumbList","@id":"https:\/\/aumcannapolis.org\/over-het-bedrijf\/#breadcrumb","itemListElement":[{"@type":"ListItem","position":1,"name":"Home","item":"https:\/\/aumcannapolis.org\/"},{"@type":"ListItem","position":2,"name":"Over het bedrijf"}]},{"@type":"WebSite","@id":"https:\/\/aumcannapolis.org\/#website","url":"https:\/\/aumcannapolis.org\/","name":"aumcannapolis.org","description":"Verken de nieuwste mode en stijlinspiratie voor een frisse garderobe","potentialAction":[{"@type":"SearchAction","target":{"@type":"EntryPoint","urlTemplate":"https:\/\/aumcannapolis.org\/?s={search_term_string}"},"query-input":"required name=search_term_string"}],"inLanguage":"ro-RO"}]}},"yoast_meta":{"yoast_wpseo_title":"","yoast_wpseo_metadesc":"","yoast_wpseo_canonical":"https:\/\/aumcannapolis.org\/ro\/wp-json\/wp\/v2\/pages\/35"},"_links":{"self":[{"href":"https:\/\/aumcannapolis.org\/ro\/wp-json\/wp\/v2\/pages\/35","targetHints":{"allow":["GET"]}}],"collection":[{"href":"https:\/\/aumcannapolis.org\/ro\/wp-json\/wp\/v2\/pages"}],"about":[{"href":"https:\/\/aumcannapolis.org\/ro\/wp-json\/wp\/v2\/types\/page"}],"author":[{"embeddable":true,"href":"https:\/\/aumcannapolis.org\/ro\/wp-json\/wp\/v2\/users\/1"}],"replies":[{"embeddable":true,"href":"https:\/\/aumcannapolis.org\/ro\/wp-json\/wp\/v2\/comments?post=35"}],"version-history":[{"count":1,"href":"https:\/\/aumcannapolis.org\/ro\/wp-json\/wp\/v2\/pages\/35\/revisions"}],"predecessor-version":[{"id":44,"href":"https:\/\/aumcannapolis.org\/ro\/wp-json\/wp\/v2\/pages\/35\/revisions\/44"}],"wp:attachment":[{"href":"https:\/\/aumcannapolis.org\/ro\/wp-json\/wp\/v2\/media?parent=35"}],"curies":[{"name":"wp","href":"https:\/\/api.w.org\/{rel}","templated":true}]}}