{"id":36,"date":"2025-02-05T11:02:32","date_gmt":"2025-02-05T11:02:32","guid":{"rendered":"https:\/\/aumcannapolis.org\/contacten\/"},"modified":"2025-02-05T13:41:01","modified_gmt":"2025-02-05T13:41:01","slug":"contacten","status":"publish","type":"page","link":"https:\/\/aumcannapolis.org\/ro\/contacten\/","title":{"rendered":"Contacte"},"content":{"rendered":"<p>Bine a\u021bi venit la <strong>AUMCAnnappolis<\/strong>Apreciem \u00eentreb\u0103rile, comentariile \u0219i sugestiile dumneavoastr\u0103. Indiferent dac\u0103 dori\u021bi s\u0103 afla\u021bi mai multe despre articolele \u0219i produsele noastre sau ave\u021bi nevoie de asisten\u021b\u0103 specific\u0103, suntem aici pentru a v\u0103 ajuta. Contacta\u021bi-ne folosind informa\u021biile de mai jos sau trimite\u021bi-ne mesajul dumneavoastr\u0103 folosind formularul de contact.<\/p>\n<h2>Datele noastre de contact<\/h2>\n<p><strong>AUMC Annapolis<\/strong><br \/>\nLong Voorhout 12<br \/>\n2514 ED Haga<br \/>\nOlanda<br \/>\nTelefon: +31 70 123 4567<br \/>\nE-mail: <a href=\"mailto:info@aumcannapolis.org\">info@aumcannapolis.org<\/a><\/p>\n<h2>Formular de contact<\/h2>\n<form action=\"\/ro\/verzenden\/\" method=\"post\" data-trp-original-action=\"\/verzenden\"><label for=\"naam\">Nume:<\/label><br \/>\n<input id=\"naam\" name=\"naam\" required=\"\" type=\"text\" \/><label for=\"email\">Adresa de e-mail:<\/label><br \/>\n<input id=\"email\" name=\"email\" required=\"\" type=\"email\" \/><\/p>\n<p><label for=\"onderwerp\">Subiect:<\/label><br \/>\n<input id=\"onderwerp\" name=\"onderwerp\" required=\"\" type=\"text\" \/><\/p>\n<p><label for=\"bericht\">Mesaj:<\/label><br \/>\n<textarea id=\"bericht\" name=\"bericht\" required=\"\" rows=\"5\"><\/textarea><\/p>\n<p><button type=\"submit\">Trimite<\/button><\/p>\n<input type=\"hidden\" name=\"trp-form-language\" value=\"ro\"\/><\/form>","protected":false},"excerpt":{"rendered":"<p>Hartelijk welkom bij AUMCAnnapolis. Wij waarderen uw vragen, opmerkingen en suggesties. Of u nu meer wilt weten over onze artikelen en producten of specifieke hulp nodig&#46;&#46;&#46;<\/p>","protected":false},"author":1,"featured_media":0,"parent":0,"menu_order":0,"comment_status":"closed","ping_status":"closed","template":"","meta":{"_acf_changed":false,"footnotes":""},"class_list":["post-36","page","type-page","status-publish","hentry"],"acf":[],"yoast_head":"<!-- This site is optimized with the Yoast SEO plugin v23.2 - https:\/\/yoast.com\/wordpress\/plugins\/seo\/ -->\n<title>Contacten - aumcannapolis.org<\/title>\n<meta name=\"description\" content=\"Neem contact op met AUMCAnnapolis voor vragen, opmerkingen of hulp. Gebruik ons contactformulier of stuur een e-mail\" \/>\n<meta name=\"robots\" content=\"index, follow, max-snippet:-1, max-image-preview:large, max-video-preview:-1\" \/>\n<link rel=\"canonical\" href=\"https:\/\/aumcannapolis.org\/ro\/contacten\/\" \/>\n<meta property=\"og:locale\" content=\"ro_RO\" \/>\n<meta property=\"og:type\" content=\"article\" \/>\n<meta property=\"og:title\" content=\"Contacten - aumcannapolis.org\" \/>\n<meta property=\"og:description\" content=\"Neem contact op met AUMCAnnapolis voor vragen, opmerkingen of hulp. Gebruik ons contactformulier of stuur een e-mail\" \/>\n<meta property=\"og:url\" content=\"https:\/\/aumcannapolis.org\/ro\/contacten\/\" \/>\n<meta property=\"og:site_name\" content=\"aumcannapolis.org\" \/>\n<meta property=\"article:modified_time\" content=\"2025-02-05T13:41:01+00:00\" \/>\n<meta name=\"twitter:card\" content=\"summary_large_image\" \/>\n<meta name=\"twitter:label1\" content=\"Timp estimat pentru citire\" \/>\n\t<meta name=\"twitter:data1\" content=\"1 minut\" \/>\n<script type=\"application\/ld+json\" class=\"yoast-schema-graph\">{\"@context\":\"https:\/\/schema.org\",\"@graph\":[{\"@type\":\"WebPage\",\"@id\":\"https:\/\/aumcannapolis.org\/contacten\/\",\"url\":\"https:\/\/aumcannapolis.org\/contacten\/\",\"name\":\"Contacten - aumcannapolis.org\",\"isPartOf\":{\"@id\":\"https:\/\/aumcannapolis.org\/#website\"},\"datePublished\":\"2025-02-05T11:02:32+00:00\",\"dateModified\":\"2025-02-05T13:41:01+00:00\",\"description\":\"Neem contact op met AUMCAnnapolis voor vragen, opmerkingen of hulp. Gebruik ons contactformulier of stuur een e-mail\",\"breadcrumb\":{\"@id\":\"https:\/\/aumcannapolis.org\/contacten\/#breadcrumb\"},\"inLanguage\":\"ro-RO\",\"potentialAction\":[{\"@type\":\"ReadAction\",\"target\":[\"https:\/\/aumcannapolis.org\/contacten\/\"]}]},{\"@type\":\"BreadcrumbList\",\"@id\":\"https:\/\/aumcannapolis.org\/contacten\/#breadcrumb\",\"itemListElement\":[{\"@type\":\"ListItem\",\"position\":1,\"name\":\"Home\",\"item\":\"https:\/\/aumcannapolis.org\/\"},{\"@type\":\"ListItem\",\"position\":2,\"name\":\"Contacten\"}]},{\"@type\":\"WebSite\",\"@id\":\"https:\/\/aumcannapolis.org\/#website\",\"url\":\"https:\/\/aumcannapolis.org\/\",\"name\":\"aumcannapolis.org\",\"description\":\"Verken de nieuwste mode en stijlinspiratie voor een frisse garderobe\",\"potentialAction\":[{\"@type\":\"SearchAction\",\"target\":{\"@type\":\"EntryPoint\",\"urlTemplate\":\"https:\/\/aumcannapolis.org\/?s={search_term_string}\"},\"query-input\":\"required name=search_term_string\"}],\"inLanguage\":\"ro-RO\"}]}<\/script>\n<!-- \/ Yoast SEO plugin. -->","yoast_head_json":{"title":"Contacten - aumcannapolis.org","description":"Neem contact op met AUMCAnnapolis voor vragen, opmerkingen of hulp. Gebruik ons contactformulier of stuur een e-mail","robots":{"index":"index","follow":"follow","max-snippet":"max-snippet:-1","max-image-preview":"max-image-preview:large","max-video-preview":"max-video-preview:-1"},"canonical":"https:\/\/aumcannapolis.org\/ro\/contacten\/","og_locale":"ro_RO","og_type":"article","og_title":"Contacten - aumcannapolis.org","og_description":"Neem contact op met AUMCAnnapolis voor vragen, opmerkingen of hulp. Gebruik ons contactformulier of stuur een e-mail","og_url":"https:\/\/aumcannapolis.org\/ro\/contacten\/","og_site_name":"aumcannapolis.org","article_modified_time":"2025-02-05T13:41:01+00:00","twitter_card":"summary_large_image","twitter_misc":{"Timp estimat pentru citire":"1 minut"},"schema":{"@context":"https:\/\/schema.org","@graph":[{"@type":"WebPage","@id":"https:\/\/aumcannapolis.org\/contacten\/","url":"https:\/\/aumcannapolis.org\/contacten\/","name":"Contacten - aumcannapolis.org","isPartOf":{"@id":"https:\/\/aumcannapolis.org\/#website"},"datePublished":"2025-02-05T11:02:32+00:00","dateModified":"2025-02-05T13:41:01+00:00","description":"Neem contact op met AUMCAnnapolis voor vragen, opmerkingen of hulp. Gebruik ons contactformulier of stuur een e-mail","breadcrumb":{"@id":"https:\/\/aumcannapolis.org\/contacten\/#breadcrumb"},"inLanguage":"ro-RO","potentialAction":[{"@type":"ReadAction","target":["https:\/\/aumcannapolis.org\/contacten\/"]}]},{"@type":"BreadcrumbList","@id":"https:\/\/aumcannapolis.org\/contacten\/#breadcrumb","itemListElement":[{"@type":"ListItem","position":1,"name":"Home","item":"https:\/\/aumcannapolis.org\/"},{"@type":"ListItem","position":2,"name":"Contacten"}]},{"@type":"WebSite","@id":"https:\/\/aumcannapolis.org\/#website","url":"https:\/\/aumcannapolis.org\/","name":"aumcannapolis.org","description":"Verken de nieuwste mode en stijlinspiratie voor een frisse garderobe","potentialAction":[{"@type":"SearchAction","target":{"@type":"EntryPoint","urlTemplate":"https:\/\/aumcannapolis.org\/?s={search_term_string}"},"query-input":"required name=search_term_string"}],"inLanguage":"ro-RO"}]}},"yoast_meta":{"yoast_wpseo_title":"","yoast_wpseo_metadesc":"","yoast_wpseo_canonical":"https:\/\/aumcannapolis.org\/ro\/wp-json\/wp\/v2\/pages\/36"},"_links":{"self":[{"href":"https:\/\/aumcannapolis.org\/ro\/wp-json\/wp\/v2\/pages\/36","targetHints":{"allow":["GET"]}}],"collection":[{"href":"https:\/\/aumcannapolis.org\/ro\/wp-json\/wp\/v2\/pages"}],"about":[{"href":"https:\/\/aumcannapolis.org\/ro\/wp-json\/wp\/v2\/types\/page"}],"author":[{"embeddable":true,"href":"https:\/\/aumcannapolis.org\/ro\/wp-json\/wp\/v2\/users\/1"}],"replies":[{"embeddable":true,"href":"https:\/\/aumcannapolis.org\/ro\/wp-json\/wp\/v2\/comments?post=36"}],"version-history":[{"count":1,"href":"https:\/\/aumcannapolis.org\/ro\/wp-json\/wp\/v2\/pages\/36\/revisions"}],"predecessor-version":[{"id":42,"href":"https:\/\/aumcannapolis.org\/ro\/wp-json\/wp\/v2\/pages\/36\/revisions\/42"}],"wp:attachment":[{"href":"https:\/\/aumcannapolis.org\/ro\/wp-json\/wp\/v2\/media?parent=36"}],"curies":[{"name":"wp","href":"https:\/\/api.w.org\/{rel}","templated":true}]}}